{"id":126459,"date":"2022-05-25T06:19:06","date_gmt":"2022-05-25T04:19:06","guid":{"rendered":"https:\/\/imagesilver.cfolks.pl\/?page_id=126459"},"modified":"2022-06-07T16:49:17","modified_gmt":"2022-06-07T14:49:17","slug":"kolekcja-zloto-z-bursztynem","status":"publish","type":"page","link":"https:\/\/imagesilver.com.pl\/en\/kolekcja-zloto-z-bursztynem\/","title":{"rendered":"Gold and amber collection"},"content":{"rendered":"<div data-elementor-type=\"wp-page\" data-elementor-id=\"126459\" class=\"elementor elementor-126459\" data-elementor-settings=\"{&quot;ha_cmc_init_switcher&quot;:&quot;no&quot;}\">\n\t\t\t\t\t\t<section class=\"elementor-section elementor-top-section elementor-element elementor-element-79767ad6 elementor-section-boxed elementor-section-height-default elementor-section-height-default\" data-id=\"79767ad6\" data-element_type=\"section\" data-settings=\"{&quot;_ha_eqh_enable&quot;:false}\">\n\t\t\t\t\t\t<div class=\"elementor-container elementor-column-gap-default\">\n\t\t\t\t\t<div class=\"elementor-column elementor-col-100 elementor-top-column elementor-element elementor-element-9cec9b1\" data-id=\"9cec9b1\" data-element_type=\"column\">\n\t\t\t<div class=\"elementor-widget-wrap elementor-element-populated\">\n\t\t\t\t\t\t<div class=\"elementor-element elementor-element-39b32d8 elementor-widget elementor-widget-heading\" data-id=\"39b32d8\" data-element_type=\"widget\" data-widget_type=\"heading.default\">\n\t\t\t\t<div class=\"elementor-widget-container\">\n\t\t\t\t\t<h2 class=\"elementor-heading-title elementor-size-default\">Gold and amber collection<\/h2>\t\t\t\t<\/div>\n\t\t\t\t<\/div>\n\t\t\t\t\t<\/div>\n\t\t<\/div>\n\t\t\t\t\t<\/div>\n\t\t<\/section>\n\t\t\t\t<section class=\"elementor-section elementor-top-section elementor-element elementor-element-4ee34ac elementor-section-boxed elementor-section-height-default elementor-section-height-default\" data-id=\"4ee34ac\" data-element_type=\"section\" data-settings=\"{&quot;_ha_eqh_enable&quot;:false}\">\n\t\t\t\t\t\t<div class=\"elementor-container elementor-column-gap-default\">\n\t\t\t\t\t<div class=\"elementor-column elementor-col-100 elementor-top-column elementor-element elementor-element-b97fae3\" data-id=\"b97fae3\" data-element_type=\"column\">\n\t\t\t<div class=\"elementor-widget-wrap elementor-element-populated\">\n\t\t\t\t\t\t<div class=\"elementor-element elementor-element-629d39e elementor-widget elementor-widget-text-editor\" data-id=\"629d39e\" data-element_type=\"widget\" data-widget_type=\"text-editor.default\">\n\t\t\t\t<div class=\"elementor-widget-container\">\n\t\t\t\t\t\t\t\t\tNatural Baltic amber framed in 14 carat gold is a luxurious type of amber jewelry.\t\t\t\t\t\t\t\t<\/div>\n\t\t\t\t<\/div>\n\t\t\t\t\t<\/div>\n\t\t<\/div>\n\t\t\t\t\t<\/div>\n\t\t<\/section>\n\t\t\t\t<section class=\"elementor-section elementor-top-section elementor-element elementor-element-18e658f elementor-section-boxed elementor-section-height-default elementor-section-height-default\" data-id=\"18e658f\" data-element_type=\"section\" data-settings=\"{&quot;_ha_eqh_enable&quot;:false}\">\n\t\t\t\t\t\t<div class=\"elementor-container elementor-column-gap-default\">\n\t\t\t\t\t<div class=\"elementor-column elementor-col-100 elementor-top-column elementor-element elementor-element-03895fb\" data-id=\"03895fb\" data-element_type=\"column\">\n\t\t\t<div class=\"elementor-widget-wrap elementor-element-populated\">\n\t\t\t\t\t\t<div class=\"elementor-element elementor-element-0b53c42 ha-image-grid--masonry elementor-widget elementor-widget-ha-image-grid happy-addon ha-image-grid\" data-id=\"0b53c42\" data-element_type=\"widget\" data-settings=\"{&quot;layout&quot;:&quot;masonry&quot;}\" data-widget_type=\"ha-image-grid.default\">\n\t\t\t\t<div class=\"elementor-widget-container\">\n\t\t\t\t\t\n\t\t<div class=\"ha-image-grid__wrap hajs-isotope\">\n\t\t\t\t\t\t\t\n\t\t\t\t<figure  class=\"ha-image-grid__item ha-js-lightbox __fltr-1\">\n\t\t\t\t\t<img fetchpriority=\"high\" decoding=\"async\" width=\"750\" height=\"750\" src=\"https:\/\/imagesilver.com.pl\/wp-content\/uploads\/2022\/05\/RGB5539-768x768.jpg\" class=\"elementor-animation-grow\" alt=\"\" srcset=\"https:\/\/imagesilver.com.pl\/wp-content\/uploads\/2022\/05\/RGB5539-768x768.jpg 768w, https:\/\/imagesilver.com.pl\/wp-content\/uploads\/2022\/05\/RGB5539-230x230.jpg 230w, https:\/\/imagesilver.com.pl\/wp-content\/uploads\/2022\/05\/RGB5539-160x160.jpg 160w, https:\/\/imagesilver.com.pl\/wp-content\/uploads\/2022\/05\/RGB5539-600x600.jpg 600w, https:\/\/imagesilver.com.pl\/wp-content\/uploads\/2022\/05\/RGB5539-scaled-64x64.jpg 64w, https:\/\/imagesilver.com.pl\/wp-content\/uploads\/2022\/05\/RGB5539-300x300.jpg 300w, https:\/\/imagesilver.com.pl\/wp-content\/uploads\/2022\/05\/RGB5539-1024x1024.jpg 1024w, https:\/\/imagesilver.com.pl\/wp-content\/uploads\/2022\/05\/RGB5539-150x150.jpg 150w, https:\/\/imagesilver.com.pl\/wp-content\/uploads\/2022\/05\/RGB5539-1536x1536.jpg 1536w, https:\/\/imagesilver.com.pl\/wp-content\/uploads\/2022\/05\/RGB5539-2048x2048.jpg 2048w, https:\/\/imagesilver.com.pl\/wp-content\/uploads\/2022\/05\/RGB5539-12x12.jpg 12w, https:\/\/imagesilver.com.pl\/wp-content\/uploads\/2022\/05\/RGB5539-400x400.jpg 400w, https:\/\/imagesilver.com.pl\/wp-content\/uploads\/2022\/05\/RGB5539-460x460.jpg 460w\" sizes=\"(max-width: 750px) 100vw, 750px\" \/>\t\t\t\t<\/figure>\n\t\t\t\t\t\t\t\n\t\t\t\t<figure  class=\"ha-image-grid__item ha-js-lightbox __fltr-1\">\n\t\t\t\t\t<img decoding=\"async\" width=\"750\" height=\"750\" src=\"https:\/\/imagesilver.com.pl\/wp-content\/uploads\/2022\/05\/RGB5543-768x768.jpg\" class=\"elementor-animation-grow\" alt=\"\" srcset=\"https:\/\/imagesilver.com.pl\/wp-content\/uploads\/2022\/05\/RGB5543-768x768.jpg 768w, https:\/\/imagesilver.com.pl\/wp-content\/uploads\/2022\/05\/RGB5543-230x230.jpg 230w, https:\/\/imagesilver.com.pl\/wp-content\/uploads\/2022\/05\/RGB5543-160x160.jpg 160w, https:\/\/imagesilver.com.pl\/wp-content\/uploads\/2022\/05\/RGB5543-600x600.jpg 600w, https:\/\/imagesilver.com.pl\/wp-content\/uploads\/2022\/05\/RGB5543-scaled-64x64.jpg 64w, https:\/\/imagesilver.com.pl\/wp-content\/uploads\/2022\/05\/RGB5543-300x300.jpg 300w, https:\/\/imagesilver.com.pl\/wp-content\/uploads\/2022\/05\/RGB5543-1024x1024.jpg 1024w, https:\/\/imagesilver.com.pl\/wp-content\/uploads\/2022\/05\/RGB5543-150x150.jpg 150w, https:\/\/imagesilver.com.pl\/wp-content\/uploads\/2022\/05\/RGB5543-1536x1536.jpg 1536w, https:\/\/imagesilver.com.pl\/wp-content\/uploads\/2022\/05\/RGB5543-2048x2048.jpg 2048w, https:\/\/imagesilver.com.pl\/wp-content\/uploads\/2022\/05\/RGB5543-12x12.jpg 12w, https:\/\/imagesilver.com.pl\/wp-content\/uploads\/2022\/05\/RGB5543-400x400.jpg 400w, https:\/\/imagesilver.com.pl\/wp-content\/uploads\/2022\/05\/RGB5543-460x460.jpg 460w\" sizes=\"(max-width: 750px) 100vw, 750px\" \/>\t\t\t\t<\/figure>\n\t\t\t\t\t\t\t\n\t\t\t\t<figure  class=\"ha-image-grid__item ha-js-lightbox __fltr-1\">\n\t\t\t\t\t<img decoding=\"async\" width=\"750\" height=\"750\" src=\"https:\/\/imagesilver.com.pl\/wp-content\/uploads\/2022\/05\/RGB5546-768x768.jpg\" class=\"elementor-animation-grow\" alt=\"\" srcset=\"https:\/\/imagesilver.com.pl\/wp-content\/uploads\/2022\/05\/RGB5546-768x768.jpg 768w, https:\/\/imagesilver.com.pl\/wp-content\/uploads\/2022\/05\/RGB5546-230x230.jpg 230w, https:\/\/imagesilver.com.pl\/wp-content\/uploads\/2022\/05\/RGB5546-160x160.jpg 160w, https:\/\/imagesilver.com.pl\/wp-content\/uploads\/2022\/05\/RGB5546-600x600.jpg 600w, https:\/\/imagesilver.com.pl\/wp-content\/uploads\/2022\/05\/RGB5546-scaled-64x64.jpg 64w, https:\/\/imagesilver.com.pl\/wp-content\/uploads\/2022\/05\/RGB5546-300x300.jpg 300w, https:\/\/imagesilver.com.pl\/wp-content\/uploads\/2022\/05\/RGB5546-1024x1024.jpg 1024w, https:\/\/imagesilver.com.pl\/wp-content\/uploads\/2022\/05\/RGB5546-150x150.jpg 150w, https:\/\/imagesilver.com.pl\/wp-content\/uploads\/2022\/05\/RGB5546-1536x1536.jpg 1536w, https:\/\/imagesilver.com.pl\/wp-content\/uploads\/2022\/05\/RGB5546-2048x2048.jpg 2048w, https:\/\/imagesilver.com.pl\/wp-content\/uploads\/2022\/05\/RGB5546-12x12.jpg 12w, https:\/\/imagesilver.com.pl\/wp-content\/uploads\/2022\/05\/RGB5546-400x400.jpg 400w, https:\/\/imagesilver.com.pl\/wp-content\/uploads\/2022\/05\/RGB5546-460x460.jpg 460w\" sizes=\"(max-width: 750px) 100vw, 750px\" \/>\t\t\t\t<\/figure>\n\t\t\t\t\t\t\t\n\t\t\t\t<figure  class=\"ha-image-grid__item ha-js-lightbox __fltr-1\">\n\t\t\t\t\t<img loading=\"lazy\" decoding=\"async\" width=\"750\" height=\"500\" src=\"https:\/\/imagesilver.com.pl\/wp-content\/uploads\/2022\/05\/RGB6001-768x512.jpg\" class=\"elementor-animation-grow\" alt=\"\" srcset=\"https:\/\/imagesilver.com.pl\/wp-content\/uploads\/2022\/05\/RGB6001-768x512.jpg 768w, https:\/\/imagesilver.com.pl\/wp-content\/uploads\/2022\/05\/RGB6001-600x400.jpg 600w, https:\/\/imagesilver.com.pl\/wp-content\/uploads\/2022\/05\/RGB6001-scaled-64x43.jpg 64w, https:\/\/imagesilver.com.pl\/wp-content\/uploads\/2022\/05\/RGB6001-300x200.jpg 300w, https:\/\/imagesilver.com.pl\/wp-content\/uploads\/2022\/05\/RGB6001-1024x683.jpg 1024w, https:\/\/imagesilver.com.pl\/wp-content\/uploads\/2022\/05\/RGB6001-1536x1024.jpg 1536w, https:\/\/imagesilver.com.pl\/wp-content\/uploads\/2022\/05\/RGB6001-2048x1365.jpg 2048w, https:\/\/imagesilver.com.pl\/wp-content\/uploads\/2022\/05\/RGB6001-18x12.jpg 18w, https:\/\/imagesilver.com.pl\/wp-content\/uploads\/2022\/05\/RGB6001-360x240.jpg 360w\" sizes=\"(max-width: 750px) 100vw, 750px\" \/>\t\t\t\t<\/figure>\n\t\t\t\t\t\t\t\n\t\t\t\t<figure  class=\"ha-image-grid__item ha-js-lightbox __fltr-1\">\n\t\t\t\t\t<img loading=\"lazy\" decoding=\"async\" width=\"750\" height=\"750\" src=\"https:\/\/imagesilver.com.pl\/wp-content\/uploads\/2022\/05\/baner1-lewa-768x768.jpg\" class=\"elementor-animation-grow\" alt=\"\" srcset=\"https:\/\/imagesilver.com.pl\/wp-content\/uploads\/2022\/05\/baner1-lewa-768x768.jpg 768w, https:\/\/imagesilver.com.pl\/wp-content\/uploads\/2022\/05\/baner1-lewa-230x230.jpg 230w, https:\/\/imagesilver.com.pl\/wp-content\/uploads\/2022\/05\/baner1-lewa-160x160.jpg 160w, https:\/\/imagesilver.com.pl\/wp-content\/uploads\/2022\/05\/baner1-lewa-600x600.jpg 600w, https:\/\/imagesilver.com.pl\/wp-content\/uploads\/2022\/05\/baner1-lewa-scaled-64x64.jpg 64w, https:\/\/imagesilver.com.pl\/wp-content\/uploads\/2022\/05\/baner1-lewa-300x300.jpg 300w, https:\/\/imagesilver.com.pl\/wp-content\/uploads\/2022\/05\/baner1-lewa-1024x1024.jpg 1024w, https:\/\/imagesilver.com.pl\/wp-content\/uploads\/2022\/05\/baner1-lewa-150x150.jpg 150w, https:\/\/imagesilver.com.pl\/wp-content\/uploads\/2022\/05\/baner1-lewa-1536x1536.jpg 1536w, https:\/\/imagesilver.com.pl\/wp-content\/uploads\/2022\/05\/baner1-lewa-2048x2048.jpg 2048w, https:\/\/imagesilver.com.pl\/wp-content\/uploads\/2022\/05\/baner1-lewa-12x12.jpg 12w, https:\/\/imagesilver.com.pl\/wp-content\/uploads\/2022\/05\/baner1-lewa-400x400.jpg 400w, https:\/\/imagesilver.com.pl\/wp-content\/uploads\/2022\/05\/baner1-lewa-460x460.jpg 460w\" sizes=\"(max-width: 750px) 100vw, 750px\" \/>\t\t\t\t<\/figure>\n\t\t\t\t\t\t\t\n\t\t\t\t<figure  class=\"ha-image-grid__item ha-js-lightbox __fltr-1\">\n\t\t\t\t\t<img loading=\"lazy\" decoding=\"async\" width=\"750\" height=\"604\" src=\"https:\/\/imagesilver.com.pl\/wp-content\/uploads\/2022\/05\/baner2-prawa-1-1-768x618.jpg\" class=\"elementor-animation-grow\" alt=\"\" srcset=\"https:\/\/imagesilver.com.pl\/wp-content\/uploads\/2022\/05\/baner2-prawa-1-1-768x618.jpg 768w, https:\/\/imagesilver.com.pl\/wp-content\/uploads\/2022\/05\/baner2-prawa-1-1-600x483.jpg 600w, https:\/\/imagesilver.com.pl\/wp-content\/uploads\/2022\/05\/baner2-prawa-1-1-scaled-64x52.jpg 64w, https:\/\/imagesilver.com.pl\/wp-content\/uploads\/2022\/05\/baner2-prawa-1-1-300x241.jpg 300w, https:\/\/imagesilver.com.pl\/wp-content\/uploads\/2022\/05\/baner2-prawa-1-1-1024x824.jpg 1024w, https:\/\/imagesilver.com.pl\/wp-content\/uploads\/2022\/05\/baner2-prawa-1-1-1536x1236.jpg 1536w, https:\/\/imagesilver.com.pl\/wp-content\/uploads\/2022\/05\/baner2-prawa-1-1-2048x1648.jpg 2048w, https:\/\/imagesilver.com.pl\/wp-content\/uploads\/2022\/05\/baner2-prawa-1-1-15x12.jpg 15w\" sizes=\"(max-width: 750px) 100vw, 750px\" \/>\t\t\t\t<\/figure>\n\t\t\t\t\t\t\t\n\t\t\t\t<figure  class=\"ha-image-grid__item ha-js-lightbox __fltr-1\">\n\t\t\t\t\t<img loading=\"lazy\" decoding=\"async\" width=\"750\" height=\"604\" src=\"https:\/\/imagesilver.com.pl\/wp-content\/uploads\/2022\/05\/baner2-prawa-768x618.jpg\" class=\"elementor-animation-grow\" alt=\"\" srcset=\"https:\/\/imagesilver.com.pl\/wp-content\/uploads\/2022\/05\/baner2-prawa-768x618.jpg 768w, https:\/\/imagesilver.com.pl\/wp-content\/uploads\/2022\/05\/baner2-prawa-600x483.jpg 600w, https:\/\/imagesilver.com.pl\/wp-content\/uploads\/2022\/05\/baner2-prawa-scaled-64x52.jpg 64w, https:\/\/imagesilver.com.pl\/wp-content\/uploads\/2022\/05\/baner2-prawa-300x241.jpg 300w, https:\/\/imagesilver.com.pl\/wp-content\/uploads\/2022\/05\/baner2-prawa-1024x824.jpg 1024w, https:\/\/imagesilver.com.pl\/wp-content\/uploads\/2022\/05\/baner2-prawa-1536x1236.jpg 1536w, https:\/\/imagesilver.com.pl\/wp-content\/uploads\/2022\/05\/baner2-prawa-2048x1648.jpg 2048w, https:\/\/imagesilver.com.pl\/wp-content\/uploads\/2022\/05\/baner2-prawa-15x12.jpg 15w\" sizes=\"(max-width: 750px) 100vw, 750px\" \/>\t\t\t\t<\/figure>\n\t\t\t\t\t\t\t\n\t\t\t\t<figure  class=\"ha-image-grid__item ha-js-lightbox __fltr-1\">\n\t\t\t\t\t<img loading=\"lazy\" decoding=\"async\" width=\"750\" height=\"750\" src=\"https:\/\/imagesilver.com.pl\/wp-content\/uploads\/2022\/05\/baner3-lewa-768x768.jpg\" class=\"elementor-animation-grow\" alt=\"\" srcset=\"https:\/\/imagesilver.com.pl\/wp-content\/uploads\/2022\/05\/baner3-lewa-768x768.jpg 768w, https:\/\/imagesilver.com.pl\/wp-content\/uploads\/2022\/05\/baner3-lewa-230x230.jpg 230w, https:\/\/imagesilver.com.pl\/wp-content\/uploads\/2022\/05\/baner3-lewa-160x160.jpg 160w, https:\/\/imagesilver.com.pl\/wp-content\/uploads\/2022\/05\/baner3-lewa-600x600.jpg 600w, https:\/\/imagesilver.com.pl\/wp-content\/uploads\/2022\/05\/baner3-lewa-scaled-64x64.jpg 64w, https:\/\/imagesilver.com.pl\/wp-content\/uploads\/2022\/05\/baner3-lewa-300x300.jpg 300w, https:\/\/imagesilver.com.pl\/wp-content\/uploads\/2022\/05\/baner3-lewa-1024x1024.jpg 1024w, https:\/\/imagesilver.com.pl\/wp-content\/uploads\/2022\/05\/baner3-lewa-150x150.jpg 150w, https:\/\/imagesilver.com.pl\/wp-content\/uploads\/2022\/05\/baner3-lewa-1536x1536.jpg 1536w, https:\/\/imagesilver.com.pl\/wp-content\/uploads\/2022\/05\/baner3-lewa-2048x2048.jpg 2048w, https:\/\/imagesilver.com.pl\/wp-content\/uploads\/2022\/05\/baner3-lewa-12x12.jpg 12w, https:\/\/imagesilver.com.pl\/wp-content\/uploads\/2022\/05\/baner3-lewa-400x400.jpg 400w, https:\/\/imagesilver.com.pl\/wp-content\/uploads\/2022\/05\/baner3-lewa-460x460.jpg 460w\" sizes=\"(max-width: 750px) 100vw, 750px\" \/>\t\t\t\t<\/figure>\n\t\t\t\t\t\t\t\n\t\t\t\t<figure  class=\"ha-image-grid__item ha-js-lightbox __fltr-1\">\n\t\t\t\t\t<img loading=\"lazy\" decoding=\"async\" width=\"750\" height=\"500\" src=\"https:\/\/imagesilver.com.pl\/wp-content\/uploads\/2022\/05\/zloto-1-768x512.jpg\" class=\"elementor-animation-grow\" alt=\"\" srcset=\"https:\/\/imagesilver.com.pl\/wp-content\/uploads\/2022\/05\/zloto-1-768x512.jpg 768w, https:\/\/imagesilver.com.pl\/wp-content\/uploads\/2022\/05\/zloto-1-600x400.jpg 600w, https:\/\/imagesilver.com.pl\/wp-content\/uploads\/2022\/05\/zloto-1-scaled-64x43.jpg 64w, https:\/\/imagesilver.com.pl\/wp-content\/uploads\/2022\/05\/zloto-1-300x200.jpg 300w, https:\/\/imagesilver.com.pl\/wp-content\/uploads\/2022\/05\/zloto-1-1024x683.jpg 1024w, https:\/\/imagesilver.com.pl\/wp-content\/uploads\/2022\/05\/zloto-1-1536x1024.jpg 1536w, https:\/\/imagesilver.com.pl\/wp-content\/uploads\/2022\/05\/zloto-1-2048x1365.jpg 2048w, https:\/\/imagesilver.com.pl\/wp-content\/uploads\/2022\/05\/zloto-1-18x12.jpg 18w, https:\/\/imagesilver.com.pl\/wp-content\/uploads\/2022\/05\/zloto-1-360x240.jpg 360w\" sizes=\"(max-width: 750px) 100vw, 750px\" \/>\t\t\t\t<\/figure>\n\t\t\t\t\t\t\t\n\t\t\t\t<figure  class=\"ha-image-grid__item ha-js-lightbox __fltr-1\">\n\t\t\t\t\t<img loading=\"lazy\" decoding=\"async\" width=\"750\" height=\"499\" src=\"https:\/\/imagesilver.com.pl\/wp-content\/uploads\/2022\/05\/zloto-2-768x511.jpg\" class=\"elementor-animation-grow\" alt=\"\" srcset=\"https:\/\/imagesilver.com.pl\/wp-content\/uploads\/2022\/05\/zloto-2-768x511.jpg 768w, https:\/\/imagesilver.com.pl\/wp-content\/uploads\/2022\/05\/zloto-2-600x399.jpg 600w, https:\/\/imagesilver.com.pl\/wp-content\/uploads\/2022\/05\/zloto-2-scaled-64x43.jpg 64w, https:\/\/imagesilver.com.pl\/wp-content\/uploads\/2022\/05\/zloto-2-300x200.jpg 300w, https:\/\/imagesilver.com.pl\/wp-content\/uploads\/2022\/05\/zloto-2-1024x681.jpg 1024w, https:\/\/imagesilver.com.pl\/wp-content\/uploads\/2022\/05\/zloto-2-1536x1021.jpg 1536w, https:\/\/imagesilver.com.pl\/wp-content\/uploads\/2022\/05\/zloto-2-2048x1362.jpg 2048w, https:\/\/imagesilver.com.pl\/wp-content\/uploads\/2022\/05\/zloto-2-18x12.jpg 18w, https:\/\/imagesilver.com.pl\/wp-content\/uploads\/2022\/05\/zloto-2-360x240.jpg 360w\" sizes=\"(max-width: 750px) 100vw, 750px\" \/>\t\t\t\t<\/figure>\n\t\t\t\t\t\t\t\n\t\t\t\t<figure  class=\"ha-image-grid__item ha-js-lightbox __fltr-1\">\n\t\t\t\t\t<img loading=\"lazy\" decoding=\"async\" width=\"750\" height=\"500\" src=\"https:\/\/imagesilver.com.pl\/wp-content\/uploads\/2022\/05\/zloto-3-768x512.jpg\" class=\"elementor-animation-grow\" alt=\"\" srcset=\"https:\/\/imagesilver.com.pl\/wp-content\/uploads\/2022\/05\/zloto-3-768x512.jpg 768w, https:\/\/imagesilver.com.pl\/wp-content\/uploads\/2022\/05\/zloto-3-600x400.jpg 600w, https:\/\/imagesilver.com.pl\/wp-content\/uploads\/2022\/05\/zloto-3-scaled-64x43.jpg 64w, https:\/\/imagesilver.com.pl\/wp-content\/uploads\/2022\/05\/zloto-3-300x200.jpg 300w, https:\/\/imagesilver.com.pl\/wp-content\/uploads\/2022\/05\/zloto-3-1024x683.jpg 1024w, https:\/\/imagesilver.com.pl\/wp-content\/uploads\/2022\/05\/zloto-3-1536x1024.jpg 1536w, https:\/\/imagesilver.com.pl\/wp-content\/uploads\/2022\/05\/zloto-3-2048x1365.jpg 2048w, https:\/\/imagesilver.com.pl\/wp-content\/uploads\/2022\/05\/zloto-3-18x12.jpg 18w, https:\/\/imagesilver.com.pl\/wp-content\/uploads\/2022\/05\/zloto-3-360x240.jpg 360w\" sizes=\"(max-width: 750px) 100vw, 750px\" \/>\t\t\t\t<\/figure>\n\t\t\t\t\t\t\t\n\t\t\t\t<figure  class=\"ha-image-grid__item ha-js-lightbox __fltr-1\">\n\t\t\t\t\t<img loading=\"lazy\" decoding=\"async\" width=\"750\" height=\"569\" src=\"https:\/\/imagesilver.com.pl\/wp-content\/uploads\/2022\/05\/zloto-4-768x583.jpg\" class=\"elementor-animation-grow\" alt=\"\" srcset=\"https:\/\/imagesilver.com.pl\/wp-content\/uploads\/2022\/05\/zloto-4-768x583.jpg 768w, https:\/\/imagesilver.com.pl\/wp-content\/uploads\/2022\/05\/zloto-4-600x455.jpg 600w, https:\/\/imagesilver.com.pl\/wp-content\/uploads\/2022\/05\/zloto-4-scaled-64x49.jpg 64w, https:\/\/imagesilver.com.pl\/wp-content\/uploads\/2022\/05\/zloto-4-300x228.jpg 300w, https:\/\/imagesilver.com.pl\/wp-content\/uploads\/2022\/05\/zloto-4-1024x777.jpg 1024w, https:\/\/imagesilver.com.pl\/wp-content\/uploads\/2022\/05\/zloto-4-1536x1166.jpg 1536w, https:\/\/imagesilver.com.pl\/wp-content\/uploads\/2022\/05\/zloto-4-2048x1554.jpg 2048w, https:\/\/imagesilver.com.pl\/wp-content\/uploads\/2022\/05\/zloto-4-16x12.jpg 16w\" sizes=\"(max-width: 750px) 100vw, 750px\" \/>\t\t\t\t<\/figure>\n\t\t\t\t\t<\/div>\n\n\t\t\t\t\t\t<\/div>\n\t\t\t\t<\/div>\n\t\t\t\t\t<\/div>\n\t\t<\/div>\n\t\t\t\t\t<\/div>\n\t\t<\/section>\n\t\t\t\t<section class=\"elementor-section elementor-top-section elementor-element elementor-element-76ba56e elementor-section-boxed elementor-section-height-default elementor-section-height-default\" data-id=\"76ba56e\" data-element_type=\"section\" data-settings=\"{&quot;_ha_eqh_enable&quot;:false}\">\n\t\t\t\t\t\t<div class=\"elementor-container elementor-column-gap-default\">\n\t\t\t\t\t<div class=\"elementor-column elementor-col-100 elementor-top-column elementor-element elementor-element-62d6f6a\" data-id=\"62d6f6a\" data-element_type=\"column\">\n\t\t\t<div class=\"elementor-widget-wrap elementor-element-populated\">\n\t\t\t\t\t\t<div class=\"elementor-element elementor-element-6356ba9 elementor-widget elementor-widget-heading\" data-id=\"6356ba9\" data-element_type=\"widget\" data-widget_type=\"heading.default\">\n\t\t\t\t<div class=\"elementor-widget-container\">\n\t\t\t\t\t<h4 class=\"elementor-heading-title elementor-size-default\"><a href=\"\/en\/wp-login.php\/?action=register\">Register and gain access to our full offer<\/a><\/h4>\t\t\t\t<\/div>\n\t\t\t\t<\/div>\n\t\t\t\t\t<\/div>\n\t\t<\/div>\n\t\t\t\t\t<\/div>\n\t\t<\/section>\n\t\t\t\t<\/div>","protected":false},"excerpt":{"rendered":"<p>Kolekcja z\u0142oto z bursztynem Naturalny bursztyn ba\u0142tycki oprawiony w 14 karatowe z\u0142oto stanowi luksusow\u0105 odmian\u0119 bi\u017cuterii bursztynowej. Zarejestruj si\u0119 i zyskaj dost\u0119p do naszej pe\u0142nej oferty<\/p>","protected":false},"author":1,"featured_media":0,"parent":0,"menu_order":0,"comment_status":"closed","ping_status":"closed","template":"elementor_header_footer","meta":{"_acf_changed":false,"footnotes":""},"acf":[],"_links":{"self":[{"href":"https:\/\/imagesilver.com.pl\/en\/wp-json\/wp\/v2\/pages\/126459"}],"collection":[{"href":"https:\/\/imagesilver.com.pl\/en\/wp-json\/wp\/v2\/pages"}],"about":[{"href":"https:\/\/imagesilver.com.pl\/en\/wp-json\/wp\/v2\/types\/page"}],"author":[{"embeddable":true,"href":"https:\/\/imagesilver.com.pl\/en\/wp-json\/wp\/v2\/users\/1"}],"replies":[{"embeddable":true,"href":"https:\/\/imagesilver.com.pl\/en\/wp-json\/wp\/v2\/comments?post=126459"}],"version-history":[{"count":7,"href":"https:\/\/imagesilver.com.pl\/en\/wp-json\/wp\/v2\/pages\/126459\/revisions"}],"predecessor-version":[{"id":126575,"href":"https:\/\/imagesilver.com.pl\/en\/wp-json\/wp\/v2\/pages\/126459\/revisions\/126575"}],"wp:attachment":[{"href":"https:\/\/imagesilver.com.pl\/en\/wp-json\/wp\/v2\/media?parent=126459"}],"curies":[{"name":"wp","href":"https:\/\/api.w.org\/{rel}","templated":true}]}}