{"id":62,"date":"2021-03-26T10:03:16","date_gmt":"2021-03-26T09:03:16","guid":{"rendered":"http:\/\/wpimage:8080\/?page_id=62"},"modified":"2023-08-16T10:46:58","modified_gmt":"2023-08-16T08:46:58","slug":"kontakt","status":"publish","type":"page","link":"https:\/\/imagesilver.com.pl\/en\/kontakt\/","title":{"rendered":"Contact"},"content":{"rendered":"<div data-elementor-type=\"wp-page\" data-elementor-id=\"62\" class=\"elementor elementor-62\" data-elementor-settings=\"{&quot;ha_cmc_init_switcher&quot;:&quot;no&quot;}\">\n\t\t\t\t\t\t<section class=\"elementor-section elementor-top-section elementor-element elementor-element-13865814 elementor-section-boxed elementor-section-height-default elementor-section-height-default\" data-id=\"13865814\" data-element_type=\"section\" data-settings=\"{&quot;_ha_eqh_enable&quot;:false}\">\n\t\t\t\t\t\t<div class=\"elementor-container elementor-column-gap-default\">\n\t\t\t\t\t<div class=\"elementor-column elementor-col-100 elementor-top-column elementor-element elementor-element-52f9df0f\" data-id=\"52f9df0f\" data-element_type=\"column\">\n\t\t\t<div class=\"elementor-widget-wrap elementor-element-populated\">\n\t\t\t\t\t\t<div class=\"elementor-element elementor-element-4e2ea1ec elementor-widget elementor-widget-heading\" data-id=\"4e2ea1ec\" data-element_type=\"widget\" data-widget_type=\"heading.default\">\n\t\t\t\t<div class=\"elementor-widget-container\">\n\t\t\t\t\t<h2 class=\"elementor-heading-title elementor-size-default\">Contact us<\/h2>\t\t\t\t<\/div>\n\t\t\t\t<\/div>\n\t\t\t\t\t<\/div>\n\t\t<\/div>\n\t\t\t\t\t<\/div>\n\t\t<\/section>\n\t\t\t\t<section class=\"elementor-section elementor-top-section elementor-element elementor-element-41fbbee2 elementor-section-boxed elementor-section-height-default elementor-section-height-default\" data-id=\"41fbbee2\" data-element_type=\"section\" data-settings=\"{&quot;_ha_eqh_enable&quot;:false}\">\n\t\t\t\t\t\t<div class=\"elementor-container elementor-column-gap-default\">\n\t\t\t\t\t<div class=\"elementor-column elementor-col-50 elementor-top-column elementor-element elementor-element-64ad0f80\" data-id=\"64ad0f80\" data-element_type=\"column\">\n\t\t\t<div class=\"elementor-widget-wrap elementor-element-populated\">\n\t\t\t\t\t\t<div class=\"elementor-element elementor-element-5cb1bef elementor-widget elementor-widget-heading\" data-id=\"5cb1bef\" data-element_type=\"widget\" data-widget_type=\"heading.default\">\n\t\t\t\t<div class=\"elementor-widget-container\">\n\t\t\t\t\t<h2 class=\"elementor-heading-title elementor-size-default\">Image Silver<\/h2>\t\t\t\t<\/div>\n\t\t\t\t<\/div>\n\t\t\t\t<div class=\"elementor-element elementor-element-47cb18a8 elementor-widget elementor-widget-heading\" data-id=\"47cb18a8\" data-element_type=\"widget\" data-widget_type=\"heading.default\">\n\t\t\t\t<div class=\"elementor-widget-container\">\n\t\t\t\t\t<div class=\"elementor-heading-title elementor-size-medium\">ul. Sucha 20 <\/br>\n80-531 Gda\u0144sk <\/br>\nPoland<\/div>\t\t\t\t<\/div>\n\t\t\t\t<\/div>\n\t\t\t\t<div class=\"elementor-element elementor-element-33f17275 elementor-widget elementor-widget-heading\" data-id=\"33f17275\" data-element_type=\"widget\" data-widget_type=\"heading.default\">\n\t\t\t\t<div class=\"elementor-widget-container\">\n\t\t\t\t\t<div class=\"elementor-heading-title elementor-size-medium\"><i>We invite you to contact us from 8am to 4pm - Monday through Friday.<\/i><\/div>\t\t\t\t<\/div>\n\t\t\t\t<\/div>\n\t\t\t\t<div class=\"elementor-element elementor-element-3945ebd4 elementor-widget elementor-widget-heading\" data-id=\"3945ebd4\" data-element_type=\"widget\" data-widget_type=\"heading.default\">\n\t\t\t\t<div class=\"elementor-widget-container\">\n\t\t\t\t\t<div class=\"elementor-heading-title elementor-size-medium\">Tel:  <a href=\"tel:0048505524013\">+48 505524013<\/a> \n<br>\nTel: <a href=\"\/en\/483445005\/\">+48 583445005<\/a><br>\n\nE-mail:&nbsp;<a href=\"mailto:amber@imagesilver.com.pl\">amber@imagesilver.com.pl<\/a><\/div>\t\t\t\t<\/div>\n\t\t\t\t<\/div>\n\t\t\t\t<div class=\"elementor-element elementor-element-64d6ba5 elementor-widget elementor-widget-google_maps\" data-id=\"64d6ba5\" data-element_type=\"widget\" data-widget_type=\"google_maps.default\">\n\t\t\t\t<div class=\"elementor-widget-container\">\n\t\t\t\t\t\t\t<div class=\"elementor-custom-embed\">\n\t\t\t<iframe loading=\"lazy\"\n\t\t\t\t\tsrc=\"https:\/\/maps.google.com\/maps?q=ul.%20Sucha%2020%2C%2080-531%20Gda%C5%84sk&#038;t=m&#038;z=15&#038;output=embed&#038;iwloc=near\"\n\t\t\t\t\ttitle=\"ul. Sucha 20, 80-531 Gda\u0144sk\"\n\t\t\t\t\taria-label=\"ul. Sucha 20, 80-531 Gda\u0144sk\"\n\t\t\t><\/iframe>\n\t\t<\/div>\n\t\t\t\t\t\t<\/div>\n\t\t\t\t<\/div>\n\t\t\t\t\t<\/div>\n\t\t<\/div>\n\t\t\t\t<div class=\"elementor-column elementor-col-50 elementor-top-column elementor-element elementor-element-614a2bfa\" data-id=\"614a2bfa\" data-element_type=\"column\">\n\t\t\t<div class=\"elementor-widget-wrap elementor-element-populated\">\n\t\t\t\t\t\t<div class=\"elementor-element elementor-element-4800da1f elementor-widget elementor-widget-shortcode\" data-id=\"4800da1f\" data-element_type=\"widget\" data-widget_type=\"shortcode.default\">\n\t\t\t\t<div class=\"elementor-widget-container\">\n\t\t\t\t\t\t\t<div class=\"elementor-shortcode\">\n<div class=\"wpcf7 no-js\" id=\"wpcf7-f5-o1\" lang=\"pl-PL\" dir=\"ltr\">\n<div class=\"screen-reader-response\"><p role=\"status\" aria-live=\"polite\" aria-atomic=\"true\"><\/p> <ul><\/ul><\/div>\n<form action=\"\/en\/wp-json\/wp\/v2\/pages\/62#wpcf7-f5-o1\" method=\"post\" class=\"wpcf7-form init\" aria-label=\"Formularz kontaktowy\" novalidate=\"novalidate\" data-status=\"init\" data-trp-original-action=\"\/en\/wp-json\/wp\/v2\/pages\/62#wpcf7-f5-o1\">\n<div style=\"display: none;\">\n<input type=\"hidden\" name=\"_wpcf7\" value=\"5\" \/>\n<input type=\"hidden\" name=\"_wpcf7_version\" value=\"5.9.8\" \/>\n<input type=\"hidden\" name=\"_wpcf7_locale\" value=\"pl_PL\" \/>\n<input type=\"hidden\" name=\"_wpcf7_unit_tag\" value=\"wpcf7-f5-o1\" \/>\n<input type=\"hidden\" name=\"_wpcf7_container_post\" value=\"0\" \/>\n<input type=\"hidden\" name=\"_wpcf7_posted_data_hash\" value=\"\" \/>\n<input type=\"hidden\" name=\"_wpcf7_recaptcha_response\" value=\"\" \/>\n<\/div>\n<div class=\"form-group\">\n\t<p><span class=\"wpcf7-form-control-wrap\" data-name=\"your-name\"><input size=\"40\" maxlength=\"400\" class=\"wpcf7-form-control wpcf7-text wpcf7-validates-as-required w-100\" aria-required=\"true\" aria-invalid=\"false\" placeholder=\"Full name (required)\" value=\"\" type=\"text\" name=\"your-name\" \/><\/span>\n\t<\/p>\n<\/div>\n<div class=\"form-group\">\n\t<p><span class=\"wpcf7-form-control-wrap\" data-name=\"your-email\"><input size=\"40\" maxlength=\"400\" class=\"wpcf7-form-control wpcf7-email wpcf7-validates-as-required wpcf7-text wpcf7-validates-as-email w-100\" aria-required=\"true\" aria-invalid=\"false\" placeholder=\"E-mail (required)\" value=\"\" type=\"email\" name=\"your-email\" \/><\/span>\n\t<\/p>\n<\/div>\n<div class=\"form-group\">\n\t<p><span class=\"wpcf7-form-control-wrap\" data-name=\"tel-214\"><input size=\"40\" maxlength=\"400\" class=\"wpcf7-form-control wpcf7-tel wpcf7-validates-as-required wpcf7-text wpcf7-validates-as-tel w-100\" aria-required=\"true\" aria-invalid=\"false\" placeholder=\"Contact phone (required)\" value=\"\" type=\"tel\" name=\"tel-214\" \/><\/span>\n\t<\/p>\n<\/div>\n<p><span id=\"wpcf7-69d426a787156-wrapper\" class=\"wpcf7-form-control-wrap honeypot-935-wrap\" style=\"display:none !important; visibility:hidden !important;\"><label for=\"wpcf7-69d426a787156-field\" class=\"hp-message\">Please leave this field empty.<\/label><input id=\"wpcf7-69d426a787156-field\"  class=\"wpcf7-form-control wpcf7-text\" type=\"text\" name=\"honeypot-935\" value=\"\" size=\"40\" tabindex=\"-1\" autocomplete=\"new-password\" \/><\/span>\n<\/p>\n<div class=\"form-group\">\n\t<p><span class=\"wpcf7-form-control-wrap\" data-name=\"your-message\"><textarea cols=\"40\" rows=\"10\" maxlength=\"2000\" class=\"wpcf7-form-control wpcf7-textarea w-100\" aria-invalid=\"false\" placeholder=\"Message\" name=\"your-message\"><\/textarea><\/span>\n\t<\/p>\n<\/div>\n<p><span class=\"wpcf7-form-control-wrap\" data-name=\"acceptance-824\"><span class=\"wpcf7-form-control wpcf7-acceptance\"><span class=\"wpcf7-list-item\"><label><input type=\"checkbox\" name=\"acceptance-824\" value=\"1\" aria-invalid=\"false\" \/><span class=\"wpcf7-list-item-label\">I consent to the processing of my personal data by the administrator of the imagesilver.pl website for contact purposes.<\/span><\/label><\/span><\/span><\/span>\n<\/p>\n<div class=\"formbtn\">\n\t<p><input class=\"wpcf7-form-control wpcf7-submit has-spinner\" type=\"submit\" value=\"Wy\u015blij\" \/>\n\t<\/p>\n<\/div>\n<p><span class=\"wpcf7-form-control-wrap\" data-name=\"quiz-13\"><label><span class=\"wpcf7-quiz-label\">Podaj wynik dzia\u0142ania: 5+2=<\/span> <input size=\"40\" class=\"wpcf7-form-control wpcf7-quiz\" autocomplete=\"off\" aria-required=\"true\" aria-invalid=\"false\" type=\"text\" name=\"quiz-13\" \/><\/label><input type=\"hidden\" name=\"_wpcf7_quiz_answer_quiz-13\" value=\"e38b1299a2a538e9a649cfcdb996561f\" \/><\/span>\n<\/p><div class=\"wpcf7-response-output\" aria-hidden=\"true\"><\/div>\n<input type=\"hidden\" name=\"trp-form-language\" value=\"en\"\/><\/form>\n<\/div>\n<\/div>\n\t\t\t\t\t\t<\/div>\n\t\t\t\t<\/div>\n\t\t\t\t\t<\/div>\n\t\t<\/div>\n\t\t\t\t\t<\/div>\n\t\t<\/section>\n\t\t\t\t<section class=\"elementor-section elementor-top-section elementor-element elementor-element-2c5a7fd elementor-section-boxed elementor-section-height-default elementor-section-height-default\" data-id=\"2c5a7fd\" data-element_type=\"section\" data-settings=\"{&quot;_ha_eqh_enable&quot;:false}\">\n\t\t\t\t\t\t<div class=\"elementor-container elementor-column-gap-default\">\n\t\t\t\t\t<div class=\"elementor-column elementor-col-33 elementor-top-column elementor-element elementor-element-99f8841\" data-id=\"99f8841\" data-element_type=\"column\">\n\t\t\t<div class=\"elementor-widget-wrap elementor-element-populated\">\n\t\t\t\t\t\t<div class=\"elementor-element elementor-element-86bfd4d elementor-widget elementor-widget-image\" data-id=\"86bfd4d\" data-element_type=\"widget\" data-widget_type=\"image.default\">\n\t\t\t\t<div class=\"elementor-widget-container\">\n\t\t\t\t\t\t\t\t\t\t\t\t\t\t\t<img fetchpriority=\"high\" decoding=\"async\" width=\"750\" height=\"422\" src=\"https:\/\/imagesilver.com.pl\/wp-content\/uploads\/2022\/05\/dron1-1024x576.jpg\" class=\"attachment-large size-large wp-image-126340\" alt=\"\" srcset=\"https:\/\/imagesilver.com.pl\/wp-content\/uploads\/2022\/05\/dron1-1024x576.jpg 1024w, https:\/\/imagesilver.com.pl\/wp-content\/uploads\/2022\/05\/dron1-600x338.jpg 600w, https:\/\/imagesilver.com.pl\/wp-content\/uploads\/2022\/05\/dron1-64x36.jpg 64w, https:\/\/imagesilver.com.pl\/wp-content\/uploads\/2022\/05\/dron1-300x169.jpg 300w, https:\/\/imagesilver.com.pl\/wp-content\/uploads\/2022\/05\/dron1-768x432.jpg 768w, https:\/\/imagesilver.com.pl\/wp-content\/uploads\/2022\/05\/dron1-18x10.jpg 18w, https:\/\/imagesilver.com.pl\/wp-content\/uploads\/2022\/05\/dron1.jpg 1200w\" sizes=\"(max-width: 750px) 100vw, 750px\" \/>\t\t\t\t\t\t\t\t\t\t\t\t\t\t\t<\/div>\n\t\t\t\t<\/div>\n\t\t\t\t\t<\/div>\n\t\t<\/div>\n\t\t\t\t<div class=\"elementor-column elementor-col-33 elementor-top-column elementor-element elementor-element-d8ac154\" data-id=\"d8ac154\" data-element_type=\"column\">\n\t\t\t<div class=\"elementor-widget-wrap elementor-element-populated\">\n\t\t\t\t\t\t<div class=\"elementor-element elementor-element-e8175a1 elementor-widget elementor-widget-image\" data-id=\"e8175a1\" data-element_type=\"widget\" data-widget_type=\"image.default\">\n\t\t\t\t<div class=\"elementor-widget-container\">\n\t\t\t\t\t\t\t\t\t\t\t\t\t\t\t<img decoding=\"async\" width=\"750\" height=\"422\" src=\"https:\/\/imagesilver.com.pl\/wp-content\/uploads\/2022\/05\/dron2-1024x576.jpg\" class=\"attachment-large size-large wp-image-126341\" alt=\"\" srcset=\"https:\/\/imagesilver.com.pl\/wp-content\/uploads\/2022\/05\/dron2-1024x576.jpg 1024w, https:\/\/imagesilver.com.pl\/wp-content\/uploads\/2022\/05\/dron2-600x338.jpg 600w, https:\/\/imagesilver.com.pl\/wp-content\/uploads\/2022\/05\/dron2-64x36.jpg 64w, https:\/\/imagesilver.com.pl\/wp-content\/uploads\/2022\/05\/dron2-300x169.jpg 300w, https:\/\/imagesilver.com.pl\/wp-content\/uploads\/2022\/05\/dron2-768x432.jpg 768w, https:\/\/imagesilver.com.pl\/wp-content\/uploads\/2022\/05\/dron2-18x10.jpg 18w, https:\/\/imagesilver.com.pl\/wp-content\/uploads\/2022\/05\/dron2.jpg 1200w\" sizes=\"(max-width: 750px) 100vw, 750px\" \/>\t\t\t\t\t\t\t\t\t\t\t\t\t\t\t<\/div>\n\t\t\t\t<\/div>\n\t\t\t\t\t<\/div>\n\t\t<\/div>\n\t\t\t\t<div class=\"elementor-column elementor-col-33 elementor-top-column elementor-element elementor-element-938a993\" data-id=\"938a993\" data-element_type=\"column\">\n\t\t\t<div class=\"elementor-widget-wrap elementor-element-populated\">\n\t\t\t\t\t\t<div class=\"elementor-element elementor-element-1de4ae4 elementor-widget elementor-widget-image\" data-id=\"1de4ae4\" data-element_type=\"widget\" data-widget_type=\"image.default\">\n\t\t\t\t<div class=\"elementor-widget-container\">\n\t\t\t\t\t\t\t\t\t\t\t\t\t\t\t<img decoding=\"async\" width=\"750\" height=\"422\" src=\"https:\/\/imagesilver.com.pl\/wp-content\/uploads\/2022\/05\/dron3-1024x576.jpg\" class=\"attachment-large size-large wp-image-126342\" alt=\"\" srcset=\"https:\/\/imagesilver.com.pl\/wp-content\/uploads\/2022\/05\/dron3-1024x576.jpg 1024w, https:\/\/imagesilver.com.pl\/wp-content\/uploads\/2022\/05\/dron3-600x338.jpg 600w, https:\/\/imagesilver.com.pl\/wp-content\/uploads\/2022\/05\/dron3-64x36.jpg 64w, https:\/\/imagesilver.com.pl\/wp-content\/uploads\/2022\/05\/dron3-300x169.jpg 300w, https:\/\/imagesilver.com.pl\/wp-content\/uploads\/2022\/05\/dron3-768x432.jpg 768w, https:\/\/imagesilver.com.pl\/wp-content\/uploads\/2022\/05\/dron3-18x10.jpg 18w, https:\/\/imagesilver.com.pl\/wp-content\/uploads\/2022\/05\/dron3.jpg 1200w\" sizes=\"(max-width: 750px) 100vw, 750px\" \/>\t\t\t\t\t\t\t\t\t\t\t\t\t\t\t<\/div>\n\t\t\t\t<\/div>\n\t\t\t\t\t<\/div>\n\t\t<\/div>\n\t\t\t\t\t<\/div>\n\t\t<\/section>\n\t\t\t\t<\/div>","protected":false},"excerpt":{"rendered":"<p>Skontaktuj si\u0119 z nami Image Silver ul. Sucha 20 80-531 Gda\u0144sk Polska Zapraszamy do kontaktu telefonicznego od poniedzia\u0142ku do pi\u0105tku w godzinach od 8\u00a0do 16. Tel: +48 505524013 Tel: +48 583445005 E-mail:&nbsp;amber@imagesilver.com.pl<\/p>","protected":false},"author":1,"featured_media":0,"parent":0,"menu_order":0,"comment_status":"closed","ping_status":"closed","template":"elementor_header_footer","meta":{"_acf_changed":false,"footnotes":""},"acf":[],"_links":{"self":[{"href":"https:\/\/imagesilver.com.pl\/en\/wp-json\/wp\/v2\/pages\/62"}],"collection":[{"href":"https:\/\/imagesilver.com.pl\/en\/wp-json\/wp\/v2\/pages"}],"about":[{"href":"https:\/\/imagesilver.com.pl\/en\/wp-json\/wp\/v2\/types\/page"}],"author":[{"embeddable":true,"href":"https:\/\/imagesilver.com.pl\/en\/wp-json\/wp\/v2\/users\/1"}],"replies":[{"embeddable":true,"href":"https:\/\/imagesilver.com.pl\/en\/wp-json\/wp\/v2\/comments?post=62"}],"version-history":[{"count":26,"href":"https:\/\/imagesilver.com.pl\/en\/wp-json\/wp\/v2\/pages\/62\/revisions"}],"predecessor-version":[{"id":130426,"href":"https:\/\/imagesilver.com.pl\/en\/wp-json\/wp\/v2\/pages\/62\/revisions\/130426"}],"wp:attachment":[{"href":"https:\/\/imagesilver.com.pl\/en\/wp-json\/wp\/v2\/media?parent=62"}],"curies":[{"name":"wp","href":"https:\/\/api.w.org\/{rel}","templated":true}]}}